{"id":22,"date":"2021-07-19T11:38:47","date_gmt":"2021-07-19T09:38:47","guid":{"rendered":"https:\/\/devpoisson.mas-de-carrat.fr\/?page_id=22"},"modified":"2025-11-06T11:32:21","modified_gmt":"2025-11-06T10:32:21","slug":"mentions","status":"publish","type":"page","link":"https:\/\/www.mas-de-carrat.fr\/en\/mentions\/","title":{"rendered":"Mentions l\u00e9gales"},"content":{"rendered":"<div data-elementor-type=\"wp-page\" data-elementor-id=\"22\" class=\"elementor elementor-22\" data-elementor-settings=\"{&quot;ha_cmc_init_switcher&quot;:&quot;no&quot;}\" data-elementor-post-type=\"page\">\n\t\t\t\t<div class=\"elementor-element elementor-element-70e6fee1 e-flex e-con-boxed e-con e-parent\" data-id=\"70e6fee1\" data-element_type=\"container\" data-settings=\"{&quot;jet_parallax_layout_list&quot;:[],&quot;_ha_eqh_enable&quot;:false}\">\n\t\t\t\t\t<div class=\"e-con-inner\">\n\t\t\t\t<div class=\"elementor-element elementor-element-f7bd4bf elementor-widget elementor-widget-heading\" data-id=\"f7bd4bf\" data-element_type=\"widget\" data-widget_type=\"heading.default\">\n\t\t\t\t<div class=\"elementor-widget-container\">\n\t\t\t\t\t<h1 class=\"elementor-heading-title elementor-size-default\">Mentions l\u00e9gales<\/h1>\t\t\t\t<\/div>\n\t\t\t\t<\/div>\n\t\t\t\t<div class=\"elementor-element elementor-element-94498 elementor-widget elementor-widget-text-editor\" data-id=\"94498\" data-element_type=\"widget\" data-widget_type=\"text-editor.default\">\n\t\t\t\t<div class=\"elementor-widget-container\">\n\t\t\t\t\t\t\t\t\t<p><strong>\u00c9diteur et propri\u00e9taire du site<br \/><\/strong><\/p><p>CARRAT sarl<br \/>Route de Castries<br \/>34160 &#8211; Saint-Dr\u00e9z\u00e9ry<br \/>N\u00b0 SIRET : 485 085 146 00028<br \/>TVA Intracommunautaire : FR49485085146<br \/>RCS Montpellier 485 085 146<br \/>Capital social : 10 000 euros<br \/>T\u00e9l. : 06 23 0353 76<br \/>Email : <a href=\"mailto:contact@mas-de-carrat.fr\">contact@mas-de-carrat.fr<\/a><\/p><p><strong>Directeur de la publication et de la r\u00e9daction : <\/strong><\/p><p>Sandrine Mialanes<\/p><p><strong>Conception et int\u00e9gration<\/strong><\/p><p>Linov &#8211; Agence web<br \/>675 Avenue Jo\u00ebl Pilon<br \/>12740 S\u00e9bazac-Concour\u00e8s<\/p><p>T\u00e9l\u00e9phone : 05 65 62 40 14<\/p><p><a href=\"https:\/\/linov.fr\/\">linov.fr<\/a><\/p><p><strong>H\u00e9bergeur<\/strong><\/p><p>SARL Haisoft<br \/>7 rue Vieille Lev\u00e9e<br \/>45100 Orl\u00e9ans FRANCE<\/p><p><strong>Propri\u00e9t\u00e9 intellectuelle<\/strong><\/p><p>Le pr\u00e9sent site <a href=\"https:\/\/www.mas-de-carrat.fr\/en\/\">www.mas-de-carrat.fr<\/a> est la propri\u00e9t\u00e9 exclusive de la Sarl Carrat. Toutes les marques, logos, noms des vins et autres produits, photographies, textes, commentaires, illustrations, vid\u00e9o, applications destin\u00e9es au fonctionnement du site et plus g\u00e9n\u00e9ralement tous les \u00e9l\u00e9ments reproduits ou utilis\u00e9s sur le site sont prot\u00e9g\u00e9s par les lois en vigueur au titre de la propri\u00e9t\u00e9 intellectuelle. Ainsi, toute reproduction, repr\u00e9sentation, utilisation ou adaptation, sous quelque forme que ce soit, de tout ou partie de ces \u00e9l\u00e9ments, y compris les applications informatiques, sans l&rsquo;accord pr\u00e9alable et \u00e9crit de l&rsquo;\u00e9diteur, sont strictement interdites. Le fait pour l&rsquo;\u00e9diteur de ne pas engager de proc\u00e9dure d\u00e8s la prise de connaissance de ces utilisations non autoris\u00e9es ne vaut pas acceptation desdites utilisations et renonciation aux poursuites.<\/p><p><strong>Cr\u00e9dits<\/strong><\/p><p>De nombreuses photos pr\u00e9sentes sur ce site sont l&rsquo;\u0153uvre de <a href=\"https:\/\/www.regisdomergue.com\" target=\"_blank\" rel=\"noopener\">R\u00e9gis Domergue<\/a> qui a c\u00e9d\u00e9 les droits de diffusion \u00e0 la Sarl CARRAT.<\/p>\t\t\t\t\t\t\t\t<\/div>\n\t\t\t\t<\/div>\n\t\t\t\t\t<\/div>\n\t\t\t\t<\/div>\n\t\t\t\t<\/div>","protected":false},"excerpt":{"rendered":"<p>Mentions l\u00e9gales \u00c9diteur et propri\u00e9taire du site CARRAT sarlRoute de Castries34160 &#8211; Saint-Dr\u00e9z\u00e9ryN\u00b0 SIRET : 485 085 146 00028TVA Intracommunautaire&#8230;<\/p>","protected":false},"author":4,"featured_media":0,"parent":0,"menu_order":8,"comment_status":"closed","ping_status":"closed","template":"","meta":{"_acf_changed":false,"footnotes":""},"class_list":["post-22","page","type-page","status-publish","hentry"],"acf":[],"yoast_head":"<!-- This site is optimized with the Yoast SEO plugin v26.8 - https:\/\/yoast.com\/product\/yoast-seo-wordpress\/ -->\n<title>Mentions l\u00e9gales - Mas de Carrat<\/title>\n<meta name=\"robots\" content=\"noindex, follow\" \/>\n<meta property=\"og:locale\" content=\"en_GB\" \/>\n<meta property=\"og:type\" content=\"article\" \/>\n<meta property=\"og:title\" content=\"Mentions l\u00e9gales - Mas de Carrat\" \/>\n<meta property=\"og:description\" content=\"Mentions l\u00e9gales \u00c9diteur et propri\u00e9taire du site CARRAT sarlRoute de Castries34160 &#8211; Saint-Dr\u00e9z\u00e9ryN\u00b0 SIRET : 485 085 146 00028TVA Intracommunautaire...\" \/>\n<meta property=\"og:url\" content=\"https:\/\/www.mas-de-carrat.fr\/en\/mentions\/\" \/>\n<meta property=\"og:site_name\" content=\"Mas de Carrat\" \/>\n<meta property=\"article:modified_time\" content=\"2025-11-06T10:32:21+00:00\" \/>\n<meta name=\"twitter:card\" content=\"summary_large_image\" \/>\n<meta name=\"twitter:label1\" content=\"Estimated reading time\" \/>\n\t<meta name=\"twitter:data1\" content=\"2 minutes\" \/>\n<script type=\"application\/ld+json\" class=\"yoast-schema-graph\">{\"@context\":\"https:\/\/schema.org\",\"@graph\":[{\"@type\":\"WebPage\",\"@id\":\"https:\/\/www.mas-de-carrat.fr\/mentions\/\",\"url\":\"https:\/\/www.mas-de-carrat.fr\/mentions\/\",\"name\":\"Mentions l\u00e9gales - Mas de Carrat\",\"isPartOf\":{\"@id\":\"https:\/\/www.mas-de-carrat.fr\/#website\"},\"datePublished\":\"2021-07-19T09:38:47+00:00\",\"dateModified\":\"2025-11-06T10:32:21+00:00\",\"breadcrumb\":{\"@id\":\"https:\/\/www.mas-de-carrat.fr\/mentions\/#breadcrumb\"},\"inLanguage\":\"en-GB\",\"potentialAction\":[{\"@type\":\"ReadAction\",\"target\":[\"https:\/\/www.mas-de-carrat.fr\/mentions\/\"]}]},{\"@type\":\"BreadcrumbList\",\"@id\":\"https:\/\/www.mas-de-carrat.fr\/mentions\/#breadcrumb\",\"itemListElement\":[{\"@type\":\"ListItem\",\"position\":1,\"name\":\"Accueil\",\"item\":\"https:\/\/www.mas-de-carrat.fr\/\"},{\"@type\":\"ListItem\",\"position\":2,\"name\":\"Mentions l\u00e9gales\"}]},{\"@type\":\"WebSite\",\"@id\":\"https:\/\/www.mas-de-carrat.fr\/#website\",\"url\":\"https:\/\/www.mas-de-carrat.fr\/\",\"name\":\"Mas de Carrat\",\"description\":\"SAINT-DR\u00c9Z\u00c9RY AOP LANGUEDOC\",\"potentialAction\":[{\"@type\":\"SearchAction\",\"target\":{\"@type\":\"EntryPoint\",\"urlTemplate\":\"https:\/\/www.mas-de-carrat.fr\/?s={search_term_string}\"},\"query-input\":{\"@type\":\"PropertyValueSpecification\",\"valueRequired\":true,\"valueName\":\"search_term_string\"}}],\"inLanguage\":\"en-GB\"}]}<\/script>\n<!-- \/ Yoast SEO plugin. -->","yoast_head_json":{"title":"Mentions l\u00e9gales - Mas de Carrat","robots":{"index":"noindex","follow":"follow"},"og_locale":"en_GB","og_type":"article","og_title":"Mentions l\u00e9gales - Mas de Carrat","og_description":"Mentions l\u00e9gales \u00c9diteur et propri\u00e9taire du site CARRAT sarlRoute de Castries34160 &#8211; Saint-Dr\u00e9z\u00e9ryN\u00b0 SIRET : 485 085 146 00028TVA Intracommunautaire...","og_url":"https:\/\/www.mas-de-carrat.fr\/en\/mentions\/","og_site_name":"Mas de Carrat","article_modified_time":"2025-11-06T10:32:21+00:00","twitter_card":"summary_large_image","twitter_misc":{"Estimated reading time":"2 minutes"},"schema":{"@context":"https:\/\/schema.org","@graph":[{"@type":"WebPage","@id":"https:\/\/www.mas-de-carrat.fr\/mentions\/","url":"https:\/\/www.mas-de-carrat.fr\/mentions\/","name":"Mentions l\u00e9gales - Mas de Carrat","isPartOf":{"@id":"https:\/\/www.mas-de-carrat.fr\/#website"},"datePublished":"2021-07-19T09:38:47+00:00","dateModified":"2025-11-06T10:32:21+00:00","breadcrumb":{"@id":"https:\/\/www.mas-de-carrat.fr\/mentions\/#breadcrumb"},"inLanguage":"en-GB","potentialAction":[{"@type":"ReadAction","target":["https:\/\/www.mas-de-carrat.fr\/mentions\/"]}]},{"@type":"BreadcrumbList","@id":"https:\/\/www.mas-de-carrat.fr\/mentions\/#breadcrumb","itemListElement":[{"@type":"ListItem","position":1,"name":"Accueil","item":"https:\/\/www.mas-de-carrat.fr\/"},{"@type":"ListItem","position":2,"name":"Mentions l\u00e9gales"}]},{"@type":"WebSite","@id":"https:\/\/www.mas-de-carrat.fr\/#website","url":"https:\/\/www.mas-de-carrat.fr\/","name":"Mas de Carrat","description":"SAINT-DR\u00c9Z\u00c9RY AOP LANGUEDOC","potentialAction":[{"@type":"SearchAction","target":{"@type":"EntryPoint","urlTemplate":"https:\/\/www.mas-de-carrat.fr\/?s={search_term_string}"},"query-input":{"@type":"PropertyValueSpecification","valueRequired":true,"valueName":"search_term_string"}}],"inLanguage":"en-GB"}]}},"_links":{"self":[{"href":"https:\/\/www.mas-de-carrat.fr\/en\/wp-json\/wp\/v2\/pages\/22","targetHints":{"allow":["GET"]}}],"collection":[{"href":"https:\/\/www.mas-de-carrat.fr\/en\/wp-json\/wp\/v2\/pages"}],"about":[{"href":"https:\/\/www.mas-de-carrat.fr\/en\/wp-json\/wp\/v2\/types\/page"}],"author":[{"embeddable":true,"href":"https:\/\/www.mas-de-carrat.fr\/en\/wp-json\/wp\/v2\/users\/4"}],"replies":[{"embeddable":true,"href":"https:\/\/www.mas-de-carrat.fr\/en\/wp-json\/wp\/v2\/comments?post=22"}],"version-history":[{"count":25,"href":"https:\/\/www.mas-de-carrat.fr\/en\/wp-json\/wp\/v2\/pages\/22\/revisions"}],"predecessor-version":[{"id":956,"href":"https:\/\/www.mas-de-carrat.fr\/en\/wp-json\/wp\/v2\/pages\/22\/revisions\/956"}],"wp:attachment":[{"href":"https:\/\/www.mas-de-carrat.fr\/en\/wp-json\/wp\/v2\/media?parent=22"}],"curies":[{"name":"wp","href":"https:\/\/api.w.org\/{rel}","templated":true}]}}