{"id":3,"date":"2021-07-19T09:19:26","date_gmt":"2021-07-19T07:19:26","guid":{"rendered":"https:\/\/devpoisson.mas-de-carrat.fr\/?page_id=3"},"modified":"2025-11-06T11:32:26","modified_gmt":"2025-11-06T10:32:26","slug":"politique-confidentialite","status":"publish","type":"page","link":"https:\/\/www.mas-de-carrat.fr\/en\/politique-confidentialite\/","title":{"rendered":"Politique de confidentialit\u00e9"},"content":{"rendered":"<div data-elementor-type=\"wp-page\" data-elementor-id=\"3\" class=\"elementor elementor-3\" data-elementor-settings=\"{&quot;ha_cmc_init_switcher&quot;:&quot;no&quot;}\" data-elementor-post-type=\"page\">\n\t\t\t\t<div class=\"elementor-element elementor-element-2ed4b5c e-flex e-con-boxed e-con e-parent\" data-id=\"2ed4b5c\" data-element_type=\"container\" data-settings=\"{&quot;jet_parallax_layout_list&quot;:[],&quot;_ha_eqh_enable&quot;:false}\">\n\t\t\t\t\t<div class=\"e-con-inner\">\n\t\t\t\t<div class=\"elementor-element elementor-element-006de7e elementor-widget elementor-widget-heading\" data-id=\"006de7e\" data-element_type=\"widget\" data-widget_type=\"heading.default\">\n\t\t\t\t<div class=\"elementor-widget-container\">\n\t\t\t\t\t<h1 class=\"elementor-heading-title elementor-size-default\">Politique de confidentialit\u00e9<\/h1>\t\t\t\t<\/div>\n\t\t\t\t<\/div>\n\t\t\t\t<div class=\"elementor-element elementor-element-7d5224a elementor-widget elementor-widget-text-editor\" data-id=\"7d5224a\" data-element_type=\"widget\" data-widget_type=\"text-editor.default\">\n\t\t\t\t<div class=\"elementor-widget-container\">\n\t\t\t\t\t\t\t\t\t<h3><strong>Conditions d\u2019utilisation<\/strong><\/h3><p>La poursuite de la navigation sur le site\u00a0<a href=\"https:\/\/www.mas-de-carrat.fr\/en\/\">www.mas-de-carrat.fr<\/a>\u00a0vaut acceptation sans r\u00e9serve des dispositions et conditions d\u2019utilisation \u00e9nonc\u00e9es ci-dessous. La version actuelle de ces conditions d\u2019utilisation est la seule opposable pendant toute la dur\u00e9e d\u2019utilisation du site et jusqu\u2019\u00e0 ce qu\u2019une nouvelle version la remplace.<\/p><h3><strong>Protection des mineurs<\/strong><\/h3><p>Conform\u00e9ment \u00e0 la l\u00e9gislation fran\u00e7aise et au Code la Sant\u00e9 Publique qui interdit la vente et restreint la promotion des boissons alcooliques aux mineurs, la visite du site www.mas-de-carrat.fr n\u2019est autoris\u00e9e qu\u2019aux internautes \u00e2g\u00e9s d\u2019au minimum 18 ans \u00e0 la date de leur visite. Si vous \u00eates un internaute d\u2019une autre nationalit\u00e9 que fran\u00e7aise, vous devez avoir l\u2019\u00e2ge l\u00e9gal fix\u00e9 par la loi de votre pays. Si ce n\u2019est pas le cas, nous vous enjoignons de mettre imm\u00e9diatement un terme \u00e0 la visite du site. Si vous ne connaissez pas la loi propre \u00e0 votre pays, nous vous invitions \u00e0 quitter ce site pour consulter vos droits avant de poursuivre votre navigation sur le site www.mas-de-carrat.fr\u00a0<\/p><h3><strong>Acc\u00e8s au site<\/strong><\/h3><p>L\u2019acc\u00e8s au site et son utilisation sont r\u00e9serv\u00e9s \u00e0 un usage strictement personnel. Vous vous engagez \u00e0 ne pas utiliser ce site et les informations ou donn\u00e9es qui y figurent \u00e0 des fins commerciales, politiques, publicitaires et pour toute forme de sollicitation commerciale et notamment l\u2019envoi de courriers \u00e9lectroniques.<\/p><h3><strong>Gestion du site<\/strong><\/h3><p>Pour la bonne gestion du site, son \u00e9diteur pourra \u00e0 tout moment :<\/p><ul><li>suspendre, interrompre ou limiter l\u2019acc\u00e8s \u00e0 tout ou partie du site ;<\/li><li>supprimer toute information pouvant en perturber le fonctionnement ou entrant en contravention avec les lois nationales ou internationales ;<\/li><li>suspendre le site afin de proc\u00e9der \u00e0 des mises \u00e0 jour.<\/li><\/ul><h3><strong>Responsabilit\u00e9s<\/strong><\/h3><p>La responsabilit\u00e9 de l\u2019\u00e9diteur ne peut \u00eatre engag\u00e9e en cas de d\u00e9faillance, panne, difficult\u00e9 ou interruption de fonctionnement, emp\u00eachant l\u2019acc\u00e8s au site ou \u00e0 une de ses fonctionnalit\u00e9s. Le mat\u00e9riel de connexion au site que vous utilisez est sous votre enti\u00e8re responsabilit\u00e9 et vous devez prendre toutes les mesures appropri\u00e9es pour prot\u00e9ger votre mat\u00e9riel et vos propres donn\u00e9es notamment d\u2019attaques virales. Vous \u00eates par ailleurs seul responsable des sites et donn\u00e9es que vous consultez. L\u2019\u00e9diteur n\u2019est pas responsable des dommages caus\u00e9s \u00e0 vous-m\u00eame, \u00e0 des tiers et\/ou \u00e0 votre \u00e9quipement du fait de votre connexion ou de votre utilisation du site et vous renoncez \u00e0 toute action contre lui de ce fait. Si l\u2019\u00e9diteur venait \u00e0 faire l\u2019objet d\u2019une proc\u00e9dure amiable ou judiciaire en raison de votre utilisation du site, il pourra se retourner contre vous pour obtenir l\u2019indemnisation de tous les pr\u00e9judices, sommes, condamnations et frais qui pourraient d\u00e9couler de cette proc\u00e9dure.\u00a0<\/p><h3><strong>Liens hypertextes<\/strong><\/h3><p>La mise en place par les utilisateurs de tous liens hypertextes vers tout ou partie du site est autoris\u00e9e par l\u2019\u00e9diteur. Tout lien devra \u00eatre retir\u00e9 sur simple demande de l\u2019\u00e9diteur.<br \/>Politique de confidentialit\u00e9<\/p><p>Notre politique de confidentialit\u00e9 expose les dispositions de la soci\u00e9t\u00e9 Carrat en mati\u00e8re de traitement des donn\u00e9es, des finalit\u00e9s poursuivies par ces traitements ainsi que des moyens d\u2019actions \u00e0 la disposition des internautes afin qu\u2019ils puissent au mieux exercer leurs droits.<\/p><p>Pour toute information compl\u00e9mentaire sur la protection des donn\u00e9es personnelles, nous vous invitons \u00e0 consulter le site :\u00a0<a href=\"https:\/\/www.cnil.fr\">https:\/\/www.cnil.fr<\/a><\/p><h3><strong>Collecte et protection des donn\u00e9es<\/strong><\/h3><p>Vos donn\u00e9es sont collect\u00e9es par la soci\u00e9t\u00e9 Carrat. Les informations personnelles pouvant \u00eatre recueillies sur ce site sont principalement utilis\u00e9es par l\u2019\u00e9diteur pour la gestion des relations avec vous, et le cas \u00e9ch\u00e9ant pour le traitement de vos commandes.<\/p><p>Pour toute question relative \u00e0 la protection de vos donn\u00e9es personnelles, vous pouvez contacter notre d\u00e9l\u00e9gu\u00e9 \u00e0 la protection des donn\u00e9es : sandrine@mas-de-carrat.fr<\/p><h3><strong>Droit d\u2019acc\u00e8s, de rectification et de d\u00e9r\u00e9f\u00e9rencement de vos donn\u00e9es<\/strong><\/h3><p>En application de la r\u00e9glementation applicable aux donn\u00e9es \u00e0 caract\u00e8re personnel, les utilisateurs disposent des droits suivants :<\/p><ul><li>le droit d\u2019acc\u00e8s : ils peuvent exercer leur droit d\u2019acc\u00e8s, pour conna\u00eetre les donn\u00e9es personnelles les concernant, en \u00e9crivant \u00e0 l\u2019adresse \u00e9lectronique ci-dessous mentionn\u00e9e. Dans ce cas, avant la mise en \u0153uvre de ce droit, le site www.mas-de-carrat.fr peut demander une preuve de l\u2019identit\u00e9 de l\u2019utilisateur afin d\u2019en v\u00e9rifier l\u2019exactitude ;<\/li><li>le droit de rectification : si les donn\u00e9es \u00e0 caract\u00e8re personnel d\u00e9tenues par le site www.mas-de-carrat.fr sont inexactes, ils peuvent demander la mise \u00e0 jour des informations ;<\/li><li>le droit de suppression des donn\u00e9es : les utilisateurs peuvent demander la suppression de leurs donn\u00e9es \u00e0 caract\u00e8re personnel, conform\u00e9ment aux lois applicables en mati\u00e8re de protection des donn\u00e9es ;<\/li><li>le droit \u00e0 la limitation du traitement : les utilisateurs peuvent de demander au site www.mas-de-carrat.fr de limiter le traitement des donn\u00e9es personnelles conform\u00e9ment aux hypoth\u00e8ses pr\u00e9vues par le RGPD ;<\/li><li>le droit de s\u2019opposer au traitement des donn\u00e9es : les utilisateurs peuvent s\u2019opposer \u00e0 ce que leurs donn\u00e9es soient trait\u00e9es conform\u00e9ment aux hypoth\u00e8ses pr\u00e9vues par le RGPD ;<\/li><li>le droit \u00e0 la portabilit\u00e9 : ils peuvent r\u00e9clamer que le site www.mas-de-carrat.fr leur remette les donn\u00e9es personnelles qu\u2019ils ont fournies pour les transmettre \u00e0 une nouvelle Plateforme.<\/li><\/ul><p>Vous pouvez exercer ce droit en nous contactant, \u00e0 l\u2019adresse suivante : Route de Castries 34160 Saint-Dr\u00e9z\u00e9ry. Ou par email, \u00e0 l\u2019adresse :\u00a0<a href=\"mailto:contact@mas-de-carrat.fr\">contact@mas-de-carrat.fr<\/a><\/p><p>Vous pouvez aussi vous adresser \u00e0 notre d\u00e9l\u00e9gu\u00e9 \u00e0 la protection des donn\u00e9es : Sandrine Mialanes, sandrine @mas-de-carrat.fr<\/p><p>Toute demande doit \u00eatre accompagn\u00e9e de la photocopie d\u2019un titre d\u2019identit\u00e9 en cours de validit\u00e9 sign\u00e9 et faire mention de l\u2019adresse \u00e0 laquelle l\u2019\u00e9diteur pourra contacter le demandeur. La r\u00e9ponse sera adress\u00e9e dans le mois suivant la r\u00e9ception de la demande. Ce d\u00e9lai d\u2019un mois peut \u00eatre prolong\u00e9 de deux mois si la complexit\u00e9 de la demande et\/ou le nombre de demandes l\u2019exigent.<\/p><p>De plus, et depuis la loi n\u00b02016-1321 du 7 octobre 2016, les personnes qui le souhaitent, ont la possibilit\u00e9 d\u2019organiser le sort de leurs donn\u00e9es apr\u00e8s leur d\u00e9c\u00e8s. Pour plus d\u2019information sur le sujet, vous pouvez consulter le site Internet de la CNIL :\u00a0<a href=\"https:\/\/www.cnil.fr\">https:\/\/www.cnil.fr<\/a>.<\/p><p>Les utilisateurs peuvent aussi introduire une r\u00e9clamation aupr\u00e8s de la CNIL sur le site de la CNIL :\u00a0<a href=\"https:\/\/www.cnil.fr\">https:\/\/www.cnil.fr<\/a>.<\/p><p>Nous vous recommandons de nous contacter dans un premier temps avant de d\u00e9poser une r\u00e9clamation aupr\u00e8s de la CNIL, car nous sommes \u00e0 votre enti\u00e8re disposition pour r\u00e9gler votre probl\u00e8me.<\/p><h3><strong>Utilisation des donn\u00e9es<\/strong><\/h3><p>Les donn\u00e9es personnelles collect\u00e9es aupr\u00e8s des utilisateurs ont pour objectif la mise \u00e0 disposition des services du site, leur am\u00e9lioration et le maintien d\u2019un environnement s\u00e9curis\u00e9. La base l\u00e9gale des traitements est l\u2019ex\u00e9cution du contrat entre l\u2019utilisateur et le site. Plus pr\u00e9cis\u00e9ment, les utilisations sont les suivantes :<\/p><ul><li>acc\u00e8s et utilisation du site par l\u2019utilisateur ;<\/li><li>gestion du fonctionnement et optimisation du site ;<\/li><li>mise en \u0153uvre d\u2019une assistance utilisateurs ;<\/li><li>v\u00e9rification, identification et authentification des donn\u00e9es transmises par l\u2019utilisateur ;<\/li><li>personnalisation des services en affichant des publicit\u00e9s en fonction de l\u2019historique de navigation de l\u2019utilisateur, selon ses pr\u00e9f\u00e9rences ;<\/li><li>pr\u00e9vention et d\u00e9tection des fraudes, logiciels malveillants et gestion des incidents de s\u00e9curit\u00e9 ;<\/li><li>gestion des \u00e9ventuels litiges avec les utilisateurs ;<\/li><li>envoi d\u2019informations commerciales et publicitaires, en fonction des pr\u00e9f\u00e9rences de l\u2019utilisateur ;<\/li><\/ul><h3><strong>Politique de conservation des donn\u00e9es<\/strong><\/h3><p>Le site conserve vos donn\u00e9es durant le temps n\u00e9cessaire pour vous fournir ses services ou son assistance. Dans la mesure raisonnablement n\u00e9cessaire ou requise pour satisfaire aux obligations l\u00e9gales ou r\u00e9glementaires, r\u00e9gler des litiges, emp\u00eacher les fraudes et abus ou appliquer nos modalit\u00e9s et conditions, nous pouvons \u00e9galement conserver certaines de vos informations, m\u00eame apr\u00e8s que vous ayez ferm\u00e9 votre compte ou que nous n\u2019en ayons plus besoin pour vous fournir nos services.<\/p><h3><strong>Partage des donn\u00e9es personnelles avec des tiers<\/strong><\/h3><p>Les donn\u00e9es personnelles peuvent \u00eatre partag\u00e9es avec des soci\u00e9t\u00e9s tierces exclusivement dans l\u2019Union europ\u00e9enne, dans les cas suivants :<\/p><ul><li>lorsque l\u2019utilisateur publie, dans les zones de commentaires libres du site\u00a0<a href=\"https:\/\/www.mas-de-carrat.fr\/en\/\">www.mas-de-carrat.fr<\/a>, des informations accessibles au public ;<\/li><li>quand l\u2019utilisateur autorise le site web d\u2019un tiers \u00e0 acc\u00e9der \u00e0 ses donn\u00e9es ;<\/li><li>quand le site\u00a0<a href=\"https:\/\/www.mas-de-carrat.fr\/en\/\">www.mas-de-carrat.fr<\/a>\u00a0recourt aux services de prestataires pour fournir l\u2019assistance utilisateurs, la publicit\u00e9 et les services de paiement. Ces prestataires disposent d\u2019un acc\u00e8s limit\u00e9 aux donn\u00e9es de l\u2019utilisateur, dans le cadre de l\u2019ex\u00e9cution de ces prestations, et ont l\u2019obligation contractuelle de les utiliser en conformit\u00e9 avec les dispositions de la r\u00e9glementation applicable en mati\u00e8re protection des donn\u00e9es \u00e0 caract\u00e8re personnel ;<\/li><li>si la loi l\u2019exige, le site\u00a0<a href=\"https:\/\/www.mas-de-carrat.fr\/en\/\">www.mas-de-carrat.fr<\/a>\u00a0peut effectuer la transmission de donn\u00e9es pour donner suite aux r\u00e9clamations pr\u00e9sent\u00e9es contre lui-m\u00eame et se conformer aux proc\u00e9dures administratives et judiciaires.<\/li><\/ul><h3><strong>Offres commerciales<\/strong><\/h3><p>Vous \u00eates susceptible de recevoir des offres commerciales de l\u2019\u00e9diteur. Si vous ne le souhaitez pas, veuillez cliquer sur le lien suivant :\u00a0<a href=\"mailto:contact@mas-de-carrat.fr\">contact@mas-de-carrat.fr<\/a>.<br \/>Vos donn\u00e9es sont susceptibles d\u2019\u00eatre utilis\u00e9es par les partenaires de l\u2019\u00e9diteur \u00e0 des fins de prospection commerciale, si vous ne le souhaitez pas, veuillez cliquer sur le lien suivant :\u00a0<a href=\"mailto:contact@mas-de-carrat.fr\">contact@mas-de-carrat.fr<\/a>.<\/p><p>Si, lors de la consultation du site, vous acc\u00e9dez \u00e0 des donn\u00e9es \u00e0 caract\u00e8re personnel, vous devez vous abstenir de toute collecte, de toute utilisation non autoris\u00e9e et de tout acte pouvant constituer une atteinte \u00e0 la vie priv\u00e9e ou \u00e0 la r\u00e9putation des personnes. L\u2019\u00e9diteur d\u00e9cline toute responsabilit\u00e9 \u00e0 cet \u00e9gard.<\/p><p>Les donn\u00e9es sont conserv\u00e9es et utilis\u00e9es pour une dur\u00e9e conforme \u00e0 la l\u00e9gislation en vigueur.<\/p><h3><strong>Cookies<\/strong><\/h3><p><em>Qu\u2019est-ce qu\u2019un \u00ab cookie \u00bb ?<\/em><\/p><p>Un \u00ab Cookie \u00bb ou traceur est un fichier \u00e9lectronique d\u00e9pos\u00e9 sur un terminal (ordinateur, tablette, smartphone,\u2026) et lu par exemple lors de la consultation d\u2019un site internet, de la lecture d\u2019un courrier \u00e9lectronique, de l\u2019installation ou de l\u2019utilisation d\u2019un logiciel ou d\u2019une application mobile et ce, quel que soit le type de terminal utilis\u00e9 (source : https:\/\/www.cnil.fr\/fr\/cookies-traceurs-que-dit-la-loi).<\/p><p>Le site peut collecter automatiquement des informations standards. Toutes les informations collect\u00e9es indirectement ne seront utilis\u00e9es que pour suivre le volume, le type et la configuration du trafic utilisant ce site, pour en d\u00e9velopper la conception et l\u2019agencement et \u00e0 d\u2019autres fins administratives et de planification et plus g\u00e9n\u00e9ralement pour am\u00e9liorer le service que nous vous offrons.<\/p><p>Le cas \u00e9ch\u00e9ant, des \u00ab cookies \u00bb \u00e9manant de l\u2019\u00e9diteur du site et\/ou des soci\u00e9t\u00e9s tiers pourront \u00eatre d\u00e9pos\u00e9s sur votre terminal, avec votre accord. Dans ce cas, lors de la premi\u00e8re navigation sur ce site, une banni\u00e8re explicative sur l\u2019utilisation des \u00ab cookies \u00bb appara\u00eetra. Avant de poursuivre la navigation, le client et\/ou le prospect devra accepter ou refuser l\u2019utilisation desdits \u00ab cookies \u00bb. Le consentement donn\u00e9 sera valable pour une p\u00e9riode de treize (13) mois. L\u2019utilisateur a la possibilit\u00e9 de d\u00e9sactiver les cookies \u00e0 tout moment. La dur\u00e9e de vie de ces cookies est de treize mois.<\/p><h3><strong>Loi applicable<\/strong><\/h3><p>Les pr\u00e9sentes conditions d\u2019utilisation du site sont r\u00e9gies par la loi fran\u00e7aise et soumises \u00e0 la comp\u00e9tence des tribunaux du si\u00e8ge social de l\u2019\u00e9diteur, sous r\u00e9serve d\u2019une attribution de comp\u00e9tence sp\u00e9cifique d\u00e9coulant d\u2019un texte de loi ou r\u00e9glementaire particulier.<\/p><h3><strong>Contact<\/strong><\/h3><p>Pour toute question, information sur les produits pr\u00e9sent\u00e9s sur le site, ou concernant le site lui-m\u00eame, vous pouvez laisser un message \u00e0 l\u2019adresse suivante :\u00a0<a href=\"mailto:contact@mas-de-carrat.fr\">contact@mas-de-carrat.fr<\/a>.<\/p>\t\t\t\t\t\t\t\t<\/div>\n\t\t\t\t<\/div>\n\t\t\t\t\t<\/div>\n\t\t\t\t<\/div>\n\t\t\t\t<\/div>","protected":false},"excerpt":{"rendered":"<p>Politique de confidentialit\u00e9 Conditions d\u2019utilisation La poursuite de la navigation sur le site\u00a0www.mas-de-carrat.fr\u00a0vaut acceptation sans r\u00e9serve des dispositions et conditions&#8230;<\/p>","protected":false},"author":2,"featured_media":0,"parent":0,"menu_order":9,"comment_status":"closed","ping_status":"closed","template":"","meta":{"_acf_changed":false,"footnotes":""},"class_list":["post-3","page","type-page","status-publish","hentry"],"acf":[],"yoast_head":"<!-- This site is optimized with the Yoast SEO plugin v26.8 - https:\/\/yoast.com\/product\/yoast-seo-wordpress\/ -->\n<title>Politique de confidentialit\u00e9 - Mas de Carrat<\/title>\n<meta name=\"robots\" content=\"noindex, follow\" \/>\n<meta property=\"og:locale\" content=\"en_GB\" \/>\n<meta property=\"og:type\" content=\"article\" \/>\n<meta property=\"og:title\" content=\"Politique de confidentialit\u00e9 - Mas de Carrat\" \/>\n<meta property=\"og:description\" content=\"Politique de confidentialit\u00e9 Conditions d\u2019utilisation La poursuite de la navigation sur le site\u00a0www.mas-de-carrat.fr\u00a0vaut acceptation sans r\u00e9serve des dispositions et conditions...\" \/>\n<meta property=\"og:url\" content=\"https:\/\/www.mas-de-carrat.fr\/en\/politique-confidentialite\/\" \/>\n<meta property=\"og:site_name\" content=\"Mas de Carrat\" \/>\n<meta property=\"article:modified_time\" content=\"2025-11-06T10:32:26+00:00\" \/>\n<meta name=\"twitter:card\" content=\"summary_large_image\" \/>\n<meta name=\"twitter:label1\" content=\"Estimated reading time\" \/>\n\t<meta name=\"twitter:data1\" content=\"9 minutes\" \/>\n<script type=\"application\/ld+json\" class=\"yoast-schema-graph\">{\"@context\":\"https:\/\/schema.org\",\"@graph\":[{\"@type\":\"WebPage\",\"@id\":\"https:\/\/www.mas-de-carrat.fr\/politique-confidentialite\/\",\"url\":\"https:\/\/www.mas-de-carrat.fr\/politique-confidentialite\/\",\"name\":\"Politique de confidentialit\u00e9 - Mas de Carrat\",\"isPartOf\":{\"@id\":\"https:\/\/www.mas-de-carrat.fr\/#website\"},\"datePublished\":\"2021-07-19T07:19:26+00:00\",\"dateModified\":\"2025-11-06T10:32:26+00:00\",\"breadcrumb\":{\"@id\":\"https:\/\/www.mas-de-carrat.fr\/politique-confidentialite\/#breadcrumb\"},\"inLanguage\":\"en-GB\",\"potentialAction\":[{\"@type\":\"ReadAction\",\"target\":[\"https:\/\/www.mas-de-carrat.fr\/politique-confidentialite\/\"]}]},{\"@type\":\"BreadcrumbList\",\"@id\":\"https:\/\/www.mas-de-carrat.fr\/politique-confidentialite\/#breadcrumb\",\"itemListElement\":[{\"@type\":\"ListItem\",\"position\":1,\"name\":\"Accueil\",\"item\":\"https:\/\/www.mas-de-carrat.fr\/\"},{\"@type\":\"ListItem\",\"position\":2,\"name\":\"Politique de confidentialit\u00e9\"}]},{\"@type\":\"WebSite\",\"@id\":\"https:\/\/www.mas-de-carrat.fr\/#website\",\"url\":\"https:\/\/www.mas-de-carrat.fr\/\",\"name\":\"Mas de Carrat\",\"description\":\"SAINT-DR\u00c9Z\u00c9RY AOP LANGUEDOC\",\"potentialAction\":[{\"@type\":\"SearchAction\",\"target\":{\"@type\":\"EntryPoint\",\"urlTemplate\":\"https:\/\/www.mas-de-carrat.fr\/?s={search_term_string}\"},\"query-input\":{\"@type\":\"PropertyValueSpecification\",\"valueRequired\":true,\"valueName\":\"search_term_string\"}}],\"inLanguage\":\"en-GB\"}]}<\/script>\n<!-- \/ Yoast SEO plugin. -->","yoast_head_json":{"title":"Politique de confidentialit\u00e9 - Mas de Carrat","robots":{"index":"noindex","follow":"follow"},"og_locale":"en_GB","og_type":"article","og_title":"Politique de confidentialit\u00e9 - Mas de Carrat","og_description":"Politique de confidentialit\u00e9 Conditions d\u2019utilisation La poursuite de la navigation sur le site\u00a0www.mas-de-carrat.fr\u00a0vaut acceptation sans r\u00e9serve des dispositions et conditions...","og_url":"https:\/\/www.mas-de-carrat.fr\/en\/politique-confidentialite\/","og_site_name":"Mas de Carrat","article_modified_time":"2025-11-06T10:32:26+00:00","twitter_card":"summary_large_image","twitter_misc":{"Estimated reading time":"9 minutes"},"schema":{"@context":"https:\/\/schema.org","@graph":[{"@type":"WebPage","@id":"https:\/\/www.mas-de-carrat.fr\/politique-confidentialite\/","url":"https:\/\/www.mas-de-carrat.fr\/politique-confidentialite\/","name":"Politique de confidentialit\u00e9 - Mas de Carrat","isPartOf":{"@id":"https:\/\/www.mas-de-carrat.fr\/#website"},"datePublished":"2021-07-19T07:19:26+00:00","dateModified":"2025-11-06T10:32:26+00:00","breadcrumb":{"@id":"https:\/\/www.mas-de-carrat.fr\/politique-confidentialite\/#breadcrumb"},"inLanguage":"en-GB","potentialAction":[{"@type":"ReadAction","target":["https:\/\/www.mas-de-carrat.fr\/politique-confidentialite\/"]}]},{"@type":"BreadcrumbList","@id":"https:\/\/www.mas-de-carrat.fr\/politique-confidentialite\/#breadcrumb","itemListElement":[{"@type":"ListItem","position":1,"name":"Accueil","item":"https:\/\/www.mas-de-carrat.fr\/"},{"@type":"ListItem","position":2,"name":"Politique de confidentialit\u00e9"}]},{"@type":"WebSite","@id":"https:\/\/www.mas-de-carrat.fr\/#website","url":"https:\/\/www.mas-de-carrat.fr\/","name":"Mas de Carrat","description":"SAINT-DR\u00c9Z\u00c9RY AOP LANGUEDOC","potentialAction":[{"@type":"SearchAction","target":{"@type":"EntryPoint","urlTemplate":"https:\/\/www.mas-de-carrat.fr\/?s={search_term_string}"},"query-input":{"@type":"PropertyValueSpecification","valueRequired":true,"valueName":"search_term_string"}}],"inLanguage":"en-GB"}]}},"_links":{"self":[{"href":"https:\/\/www.mas-de-carrat.fr\/en\/wp-json\/wp\/v2\/pages\/3","targetHints":{"allow":["GET"]}}],"collection":[{"href":"https:\/\/www.mas-de-carrat.fr\/en\/wp-json\/wp\/v2\/pages"}],"about":[{"href":"https:\/\/www.mas-de-carrat.fr\/en\/wp-json\/wp\/v2\/types\/page"}],"author":[{"embeddable":true,"href":"https:\/\/www.mas-de-carrat.fr\/en\/wp-json\/wp\/v2\/users\/2"}],"replies":[{"embeddable":true,"href":"https:\/\/www.mas-de-carrat.fr\/en\/wp-json\/wp\/v2\/comments?post=3"}],"version-history":[{"count":14,"href":"https:\/\/www.mas-de-carrat.fr\/en\/wp-json\/wp\/v2\/pages\/3\/revisions"}],"predecessor-version":[{"id":2010,"href":"https:\/\/www.mas-de-carrat.fr\/en\/wp-json\/wp\/v2\/pages\/3\/revisions\/2010"}],"wp:attachment":[{"href":"https:\/\/www.mas-de-carrat.fr\/en\/wp-json\/wp\/v2\/media?parent=3"}],"curies":[{"name":"wp","href":"https:\/\/api.w.org\/{rel}","templated":true}]}}